{"id":1649,"date":"2020-12-08T16:30:28","date_gmt":"2020-12-08T16:30:28","guid":{"rendered":"https:\/\/prudent.ca\/formations\/formation-en-presence\/"},"modified":"2021-06-11T09:16:54","modified_gmt":"2021-06-11T13:16:54","slug":"formation-en-presence","status":"publish","type":"page","link":"https:\/\/prudent.ca\/en\/formations\/formation-en-presence\/","title":{"rendered":"Accreditations and attestations"},"content":{"rendered":"<section id=\"\" class=\"three-columns-block theme-block alignfull\">\n\n  <div class=\"content-block\">\n    <div class=\"three-columns-block__row\">\n\n\n\n                \n        \n\n          \n                                                   \n                    <div class=\"three-columns-block__col shadow checklist_normal\">\n                    <div class=\"three-columns-block__col-inner\">\n                      <h3>Accreditations<\/h3>\n<p>Prudent Consulting Group holds the following training accreditations :<\/p>\n<ul>\n<li>SOFEDUC, which is Canada\u2019s official accrediting body for CEU issuing organizations<\/li>\n<li>The Commission des partenaires du march\u00e9 du travail, thus making eligible the training costs incurred in the development of your human resources<\/li>\n<li>The Minist\u00e8re de la S\u00e9curit\u00e9 publique MSP<\/li>\n<\/ul>\n \n \n                      \n                                                  \n                      <\/div><!-- END three-columns-block__col-inner -->\n                    <\/div><!-- END three-columns-block__col -->\n\n                    \n                                                           \n                    <div class=\"three-columns-block__col\">\n                      <div class=\"three-columns-block__col-inner bg-three-columns\"  style=\"background-image: url(https:\/\/prudent.ca\/wp-content\/uploads\/2021\/03\/scott-graham-OQMZwNd3ThU-unsplash.jpg)\">\n                      <\/div><!-- END three-columns-block__col-inner -->\n                    <\/div><!-- END three-columns-block__col -->\n\n                  \n                                                   \n                    <div class=\"three-columns-block__col shadow bullet\">\n                    <div class=\"three-columns-block__col-inner\">\n                      <h3>Activities<\/h3>\n<p>Prudent Consulting Group provides six training activities in the field of emergency preparedness, namely :<\/p>\n<ul>\n<li>Civil security planning (1 day)<\/li>\n<li>Municipal Emergency Management (1.5 days)<\/li>\n<li>Communication in emergency situations (1 day)<\/li>\n<li>Mission Implementation (1 day)<\/li>\n<li>Recovery and continuity of municipal affairs (1 day)<\/li>\n<li>Organization of exercises and simulations (1 day)<\/li>\n<\/ul>\n \n \n                      \n                                                  \n                      <\/div><!-- END three-columns-block__col-inner -->\n                    <\/div><!-- END three-columns-block__col -->\n\n                    \n              \n            \n\n\n\n \n    <\/div><!-- END three-columns-block__row -->\n  <\/div><!-- END three-columns-block -->\n<\/section>\n","protected":false},"excerpt":{"rendered":"","protected":false},"author":1,"featured_media":0,"parent":1637,"menu_order":0,"comment_status":"closed","ping_status":"closed","template":"","meta":{"_acf_changed":false,"_relevanssi_hide_post":"","_relevanssi_hide_content":"","_relevanssi_pin_for_all":"","_relevanssi_pin_keywords":"","_relevanssi_unpin_keywords":"","_relevanssi_related_keywords":"","_relevanssi_related_include_ids":"","_relevanssi_related_exclude_ids":"","_relevanssi_related_no_append":"","_relevanssi_related_not_related":"","_relevanssi_related_posts":"307,305,309","_relevanssi_noindex_reason":"","footnotes":""},"acf":[],"_links":{"self":[{"href":"https:\/\/prudent.ca\/en\/wp-json\/wp\/v2\/pages\/1649"}],"collection":[{"href":"https:\/\/prudent.ca\/en\/wp-json\/wp\/v2\/pages"}],"about":[{"href":"https:\/\/prudent.ca\/en\/wp-json\/wp\/v2\/types\/page"}],"author":[{"embeddable":true,"href":"https:\/\/prudent.ca\/en\/wp-json\/wp\/v2\/users\/1"}],"replies":[{"embeddable":true,"href":"https:\/\/prudent.ca\/en\/wp-json\/wp\/v2\/comments?post=1649"}],"version-history":[{"count":4,"href":"https:\/\/prudent.ca\/en\/wp-json\/wp\/v2\/pages\/1649\/revisions"}],"predecessor-version":[{"id":1841,"href":"https:\/\/prudent.ca\/en\/wp-json\/wp\/v2\/pages\/1649\/revisions\/1841"}],"up":[{"embeddable":true,"href":"https:\/\/prudent.ca\/en\/wp-json\/wp\/v2\/pages\/1637"}],"wp:attachment":[{"href":"https:\/\/prudent.ca\/en\/wp-json\/wp\/v2\/media?parent=1649"}],"curies":[{"name":"wp","href":"https:\/\/api.w.org\/{rel}","templated":true}]}}