{"id":1697,"date":"2020-10-29T19:25:01","date_gmt":"2020-10-29T19:25:01","guid":{"rendered":"https:\/\/prudent.ca\/qui-sommes-nous\/"},"modified":"2021-09-20T15:38:02","modified_gmt":"2021-09-20T19:38:02","slug":"qui-sommes-nous","status":"publish","type":"page","link":"https:\/\/prudent.ca\/en\/qui-sommes-nous\/","title":{"rendered":"Who are we ?"},"content":{"rendered":"<section id=\"qui-sommes-nous\" class=\"two-columns-block theme-block alignfull\">\n\n  <div class=\"content-block\">\n    <div class=\"two-columns-block__row\">\n\n\n                  \n                                                   \n                        <div class=\"two-columns-block__col  bullet\">\n                          <div class=\"two-columns-block__col-inner\">\n\n\n                            <h3>WHO IS PRUDENT ?<\/h3>\n<p>Prudent is a company established since 1994.\u00a0 Since January 2017, in a commitment to social and sustainable development, the company shares its shareholding with the worker cooperative Prudent Groupe Coop\u00e9ratif.\u00a0 His reputation for integrated risk management, fire safety. Emergency preparedness, civil safety and crisis management is well established.<\/p>\n\n\n\n                                                      \n\n                          <\/div><!-- END two-columns-block__col-inner -->\n                        <\/div><!-- END two-columns-block__col -->\n\n                    \n                                                       <div class=\"two-columns-block__col column-img\">\n                          <div class=\"two-columns-block__col-inner\">\n                            <img decoding=\"async\" src=\"https:\/\/prudent.ca\/wp-content\/uploads\/2020\/11\/Logo-Prudent-25ans-carre\u0301-gris-1.jpg\" alt=\"\" class=\"two-columns-block__col-img\">\n                          <\/div><!-- END two-columns-block__col-inner -->\n                        <\/div><!-- END two-columns-block__col -->\n\n                        \n              \n            \n\n\n\n \n    <\/div><!-- END two-columns-block__row -->\n  <\/div><!-- END two-columns-block -->\n<\/section>\n\n\n<section id=\"our-mission\" class=\"three-columns-block theme-block alignfull\">\n\n  <div class=\"content-block\">\n    <div class=\"three-columns-block__row\">\n\n\n\n                \n        \n\n          \n                                                   \n                    <div class=\"three-columns-block__col shadow bullet\">\n                    <div class=\"three-columns-block__col-inner\">\n                      <h3>MISSION<\/h3>\n<p>To help, through a proven, cooperative, integrated, and innovative approach, organizations to protect themselves from the risks they may face, in order to prevent, prepare for, respond to, and recover from an occurrence.<\/p>\n \n \n                      \n                                                  \n                      <\/div><!-- END three-columns-block__col-inner -->\n                    <\/div><!-- END three-columns-block__col -->\n\n                    \n                                                           \n                    <div class=\"three-columns-block__col\">\n                      <div class=\"three-columns-block__col-inner bg-three-columns\"  style=\"background-image: url(https:\/\/prudent.ca\/wp-content\/uploads\/2020\/12\/iStock-975763490.jpg)\">\n                      <\/div><!-- END three-columns-block__col-inner -->\n                    <\/div><!-- END three-columns-block__col -->\n\n                  \n                                                   \n                    <div class=\"three-columns-block__col shadow checklist_bold\">\n                    <div class=\"three-columns-block__col-inner\">\n                      <h3>VALUES<\/h3>\n<ul>\n<li>Team work<\/li>\n<li>Professionalism<\/li>\n<li>Passion<\/li>\n<li>Innovation<\/li>\n<li>Cooperation<\/li>\n<\/ul>\n<p>A team of passionate professionals motivated by innovation and cooperation.<\/p>\n \n \n                      \n                                                  \n                      <\/div><!-- END three-columns-block__col-inner -->\n                    <\/div><!-- END three-columns-block__col -->\n\n                    \n              \n            \n\n\n\n \n    <\/div><!-- END three-columns-block__row -->\n  <\/div><!-- END three-columns-block -->\n<\/section>\n\n\n<section id=\"why-choose-prudent\" class=\"content-wide-block theme-block is-style-wp-left alignfull\">\n  <div class=\"content-img-block\" style=\"background-image: url(https:\/\/prudent.ca\/wp-content\/uploads\/2020\/11\/iStock-134970558-1.jpg)\">\n  <\/div>\n\n  <div class=\"content-block\">\n    <div class=\"content-wide-block__row bullet\">\n\n\n      <div class=\"content-wide-block__col\">\n                  <h2>WHY CHOOSE US ?<\/h2>\n        \n                  <p><p>To choose Prudent Groupe Conseil, is being assured that :<\/p>\n<ul>\n<li>Our employees are fully engaged and truly proficient in the theory and practice, application and\/or management of emergency measures<\/li>\n<li>Services are delivered in close collaboration with you and aim to empower you and make you autonomous in risk related situations<\/li>\n<li>Our consultants are available whenever you need them, regardless of the urgency of the situation or crisis<\/li>\n<li>Our multidisciplinary team is equipped with unique multisector skills<\/li>\n<li>Our company features a strong knowhow and integrity reputation for more than 25 years in the field of emergency response<\/li>\n<li>Our consultants are proficient in risk management and understanding of business and organizational issues<\/li>\n<li>Our organization features a quality management system<\/li>\n<\/ul>\n<\/p>\n        \n              <\/div><!-- END content-wide-block__col -->\n\n      \n    <\/div><!-- END content-wide-block__row -->\n  <\/div><!-- END content-wide-block -->\n<\/section>\n\n\n<section id=\"your-advantages\" class=\"content-wide-block theme-block is-style-wp-right alignfull\">\n  <div class=\"content-img-block\" style=\"background-image: url(https:\/\/prudent.ca\/wp-content\/uploads\/2020\/11\/iStock-541113838.jpg)\">\n  <\/div>\n\n  <div class=\"content-block\">\n    <div class=\"content-wide-block__row bullet\">\n\n\n      <div class=\"content-wide-block__col\">\n                  <h2>YOUR ADVANTAGES<\/h2>\n        \n                  <p><p>Thanks to its expertise in emergency measures and response plans, Prudent Groupe Conseil always accompanies you at the right moment so that you may regain control of the situation, that the continuity of your processes is assured and that you may begin the return to your normal operations with optimal efficiency.<\/p>\n<p>Entrusting a mandate to Prudent Groupe Conseil grants you several advantages :<\/p>\n<ul>\n<li>Meeting established timelines<\/li>\n<li>Time savings<\/li>\n<li>The reliability and robustness of response plans that allow you to have a peace of mind regardless of the crisis you are facing<\/li>\n<li>Training activities guided by SOFEDUC\u2019s educational requirements<\/li>\n<li>Availability of state-of-the-art specialized technology tool for performing risk analyses and consequence studies involving a hazardous material<\/li>\n<li>Unparalleled customer service for which our customers have expressed their satisfaction at more than 96%.<\/li>\n<\/ul>\n<\/p>\n        \n              <\/div><!-- END content-wide-block__col -->\n\n      \n    <\/div><!-- END content-wide-block__row -->\n  <\/div><!-- END content-wide-block -->\n<\/section>\n\n\n\n  <section id=\"accreditation\" class=\"accreditation-block theme-block alignwide\">\n    <div class=\"content-block\">\n    <h2>PROFESSIONAL  ACCREDITATIONS <\/h2>\n    <p>Prudent Groupe Conseil is involved in its field by being a member of several professional associations, thus enabling it to follow the evolution of good practices in the areas of emergency measures, civil security and crisis management, and to maintain close ties with the most dynamic environments.<\/p>\n      <div class=\"accreditation__row carousel-accreditation\">\n        \n        \n     \n          \n            <div class=\"accreditation__col\">\n              <div class=\"accreditation__col-inner\">\n                <img decoding=\"async\" alt=\"\" src=\"https:\/\/prudent.ca\/wp-content\/uploads\/2020\/11\/bureau-1.jpg\" alt=\"\" class=\"accreditation__img\">\n              <\/div>\n            <\/div>\n\n            \n            <div class=\"accreditation__col\">\n              <div class=\"accreditation__col-inner\">\n                <img decoding=\"async\" alt=\"\" src=\"https:\/\/prudent.ca\/wp-content\/uploads\/2020\/11\/DRI-1.jpg\" alt=\"\" class=\"accreditation__img\">\n              <\/div>\n            <\/div>\n\n            \n            <div class=\"accreditation__col\">\n              <div class=\"accreditation__col-inner\">\n                <img decoding=\"async\" alt=\"\" src=\"https:\/\/prudent.ca\/wp-content\/uploads\/2020\/11\/logo_1C-e1406818187984-1.jpg\" alt=\"\" class=\"accreditation__img\">\n              <\/div>\n            <\/div>\n\n            \n            <div class=\"accreditation__col\">\n              <div class=\"accreditation__col-inner\">\n                <img decoding=\"async\" alt=\"\" src=\"https:\/\/prudent.ca\/wp-content\/uploads\/2020\/11\/logo_acsqC1-1.jpg\" alt=\"\" class=\"accreditation__img\">\n              <\/div>\n            <\/div>\n\n            \n            <div class=\"accreditation__col\">\n              <div class=\"accreditation__col-inner\">\n                <img decoding=\"async\" alt=\"\" src=\"https:\/\/prudent.ca\/wp-content\/uploads\/2020\/11\/logo_asisC1-1.jpg\" alt=\"\" class=\"accreditation__img\">\n              <\/div>\n            <\/div>\n\n            \n            <div class=\"accreditation__col\">\n              <div class=\"accreditation__col-inner\">\n                <img decoding=\"async\" alt=\"\" src=\"https:\/\/prudent.ca\/wp-content\/uploads\/2020\/11\/logo_atpiqC-e1474625648432-1.jpg\" alt=\"\" class=\"accreditation__img\">\n              <\/div>\n            <\/div>\n\n            \n            <div class=\"accreditation__col\">\n              <div class=\"accreditation__col-inner\">\n                <img decoding=\"async\" alt=\"\" src=\"https:\/\/prudent.ca\/wp-content\/uploads\/2020\/11\/sofeduc-1.png\" alt=\"\" class=\"accreditation__img\">\n              <\/div>\n            <\/div>\n\n            \n            <div class=\"accreditation__col\">\n              <div class=\"accreditation__col-inner\">\n                <img decoding=\"async\" alt=\"Association des gestionnaires en s\u00e9curit\u00e9 incendie et civile du Qu\u00e9bec\" src=\"https:\/\/prudent.ca\/wp-content\/uploads\/2021\/09\/logo_Agsicq_petit-e1632149853460.png\" alt=\"\" class=\"accreditation__img\">\n              <\/div>\n            <\/div>\n\n                        \n            \n      <\/div><!-- END accreditation__row -->\n    <\/div><!-- END accreditation-block -->\n  <\/section>\n      \n","protected":false},"excerpt":{"rendered":"","protected":false},"author":1,"featured_media":376,"parent":0,"menu_order":0,"comment_status":"closed","ping_status":"open","template":"","meta":{"_acf_changed":false,"_relevanssi_hide_post":"","_relevanssi_hide_content":"","_relevanssi_pin_for_all":"","_relevanssi_pin_keywords":"","_relevanssi_unpin_keywords":"","_relevanssi_related_keywords":"","_relevanssi_related_include_ids":"","_relevanssi_related_exclude_ids":"","_relevanssi_related_no_append":"","_relevanssi_related_not_related":"","_relevanssi_related_posts":"1","_relevanssi_noindex_reason":"","footnotes":""},"acf":[],"_links":{"self":[{"href":"https:\/\/prudent.ca\/en\/wp-json\/wp\/v2\/pages\/1697"}],"collection":[{"href":"https:\/\/prudent.ca\/en\/wp-json\/wp\/v2\/pages"}],"about":[{"href":"https:\/\/prudent.ca\/en\/wp-json\/wp\/v2\/types\/page"}],"author":[{"embeddable":true,"href":"https:\/\/prudent.ca\/en\/wp-json\/wp\/v2\/users\/1"}],"replies":[{"embeddable":true,"href":"https:\/\/prudent.ca\/en\/wp-json\/wp\/v2\/comments?post=1697"}],"version-history":[{"count":8,"href":"https:\/\/prudent.ca\/en\/wp-json\/wp\/v2\/pages\/1697\/revisions"}],"predecessor-version":[{"id":2078,"href":"https:\/\/prudent.ca\/en\/wp-json\/wp\/v2\/pages\/1697\/revisions\/2078"}],"wp:featuredmedia":[{"embeddable":true,"href":"https:\/\/prudent.ca\/en\/wp-json\/wp\/v2\/media\/376"}],"wp:attachment":[{"href":"https:\/\/prudent.ca\/en\/wp-json\/wp\/v2\/media?parent=1697"}],"curies":[{"name":"wp","href":"https:\/\/api.w.org\/{rel}","templated":true}]}}