{"id":1727,"date":"2020-11-18T22:34:45","date_gmt":"2020-11-18T22:34:45","guid":{"rendered":"https:\/\/prudent.ca\/services-conseils\/"},"modified":"2021-07-16T13:06:37","modified_gmt":"2021-07-16T17:06:37","slug":"services-conseils","status":"publish","type":"page","link":"https:\/\/prudent.ca\/en\/services-conseils\/","title":{"rendered":"Consulting Services"},"content":{"rendered":"<section id=\"\" class=\"two-columns-block theme-block alignfull\">\n\n  <div class=\"content-block\">\n    <div class=\"two-columns-block__row\">\n\n\n                  \n                                                   \n                        <div class=\"two-columns-block__col  bullet\">\n                          <div class=\"two-columns-block__col-inner\">\n\n\n                            <p>Our consulting services are designed to provide management with expert advice for defining a corporate security strategy.<\/p>\n\n\n\n                                                      \n\n                          <\/div><!-- END two-columns-block__col-inner -->\n                        <\/div><!-- END two-columns-block__col -->\n\n                    \n                                                   \n                        <div class=\"two-columns-block__col  bullet\">\n                          <div class=\"two-columns-block__col-inner\">\n\n\n                            <p>All our specialists have the experience rendering their judgment fair and objective in their field of expertise.<\/p>\n\n\n\n                                                      \n\n                          <\/div><!-- END two-columns-block__col-inner -->\n                        <\/div><!-- END two-columns-block__col -->\n\n                    \n              \n            \n\n\n\n \n    <\/div><!-- END two-columns-block__row -->\n  <\/div><!-- END two-columns-block -->\n<\/section>\n\n\n<section id=\"\" class=\"three-columns-block theme-block alignfull\">\n\n  <div class=\"content-block\">\n    <div class=\"three-columns-block__row\">\n\n\n\n                \n        \n\n          \n                                                   \n                    <div class=\"three-columns-block__col shadow bullet\">\n                    <div class=\"three-columns-block__col-inner\">\n                      <h3>\u00a0Risks and vulnerability analysis<\/h3>\n<p>Prudent Consulting Group\u2019s risk analysis is an activity that evaluates the direct and indirect, tangible and intangible impacts (ripple effect) of a threat on an organization and its external environment.<\/p>\n \n \n                      \n                                                  \n\n                              \n                                                                                                            \n                                      <a href=\"https:\/\/prudent.ca\/en\/services-conseils\/analyse-de-risques-et-vulnerabilite\/\" class=\"link-small\">Learn more<\/a>\n\n                                    \n\n                                    \n                                  \n                                                             \n                      <\/div><!-- END three-columns-block__col-inner -->\n                    <\/div><!-- END three-columns-block__col -->\n\n                    \n                                                   \n                    <div class=\"three-columns-block__col shadow bullet\">\n                    <div class=\"three-columns-block__col-inner\">\n                      <h3>Emergency measures and civil security<\/h3>\n<p>The planning and development of an emergency measures or civil security plan should not be improvised.<\/p>\n<p>&nbsp;<\/p>\n \n \n                      \n                                                  \n\n                              \n                                                                                                            \n                                      <a href=\"https:\/\/prudent.ca\/en\/services-conseils\/mesures-d-urgence-et-securite-civile\/\" class=\"link-small\">Learn more<\/a>\n\n                                    \n\n                                    \n                                  \n                                                             \n                      <\/div><!-- END three-columns-block__col-inner -->\n                    <\/div><!-- END three-columns-block__col -->\n\n                    \n                                                   \n                    <div class=\"three-columns-block__col shadow bullet\">\n                    <div class=\"three-columns-block__col-inner\">\n                      <h3>Emergency Response Plan<\/h3>\n<p>As required by the <em>Transportation of Dangerous Goods Regulations<\/em> (TDGR), the Emergency Response Assistance Plan (ERAP) is required for any carrier transporting a hazardous material.<\/p>\n \n \n                      \n                                                  \n\n                              \n                                                                                                            \n                                      <a href=\"https:\/\/prudent.ca\/en\/services-conseils\/plan-d-intervention-d-urgence\/\" class=\"link-small\">Learn more<\/a>\n\n                                    \n\n                                    \n                                  \n                                                             \n                      <\/div><!-- END three-columns-block__col-inner -->\n                    <\/div><!-- END three-columns-block__col -->\n\n                    \n              \n            \n\n\n\n \n    <\/div><!-- END three-columns-block__row -->\n  <\/div><!-- END three-columns-block -->\n<\/section>\n\n\n<section id=\"\" class=\"three-columns-block theme-block alignfull\">\n\n  <div class=\"content-block\">\n    <div class=\"three-columns-block__row\">\n\n\n\n                \n        \n\n          \n                                                   \n                    <div class=\"three-columns-block__col shadow bullet\">\n                    <div class=\"three-columns-block__col-inner\">\n                      <h3>Environmental Emergency Plan<\/h3>\n<p>Under the Canadian Environmental Protection Act, 1999 and its regulations, an operator who holds a hazardous material in a prescribed threshold quantity is required to have an Environmental Emergency Plan (EEP).<\/p>\n \n \n                      \n                                                  \n\n                              \n                                                                                                            \n                                      <a href=\"https:\/\/prudent.ca\/en\/services-conseils\/mesures-durgence-et-securite-civile\/\" class=\"link-small\">Learn more<\/a>\n\n                                    \n\n                                    \n                                  \n                                                             \n                      <\/div><!-- END three-columns-block__col-inner -->\n                    <\/div><!-- END three-columns-block__col -->\n\n                    \n                                                   \n                    <div class=\"three-columns-block__col shadow bullet\">\n                    <div class=\"three-columns-block__col-inner\">\n                      <h3>Business Continuity and recovery<\/h3>\n<p>Studies on the consequences of a disaster have shown that the survival of an organization directly depends on his state of preparedness before the event occurs.<\/p>\n \n \n                      \n                                                  \n\n                              \n                                                                                                            \n                                      <a href=\"https:\/\/prudent.ca\/en\/services-conseils\/securite-et-prevention-incendie\/\" class=\"link-small\">Learn more<\/a>\n\n                                    \n\n                                    \n                                  \n                                                             \n                      <\/div><!-- END three-columns-block__col-inner -->\n                    <\/div><!-- END three-columns-block__col -->\n\n                    \n                                                           \n                    <div class=\"three-columns-block__col\">\n                      <div class=\"three-columns-block__col-inner bg-three-columns\"  style=\"background-image: url(https:\/\/prudent.ca\/wp-content\/uploads\/2020\/11\/iStock-1165368432.jpg)\">\n                      <\/div><!-- END three-columns-block__col-inner -->\n                    <\/div><!-- END three-columns-block__col -->\n\n                  \n              \n            \n\n\n\n \n    <\/div><!-- END three-columns-block__row -->\n  <\/div><!-- END three-columns-block -->\n<\/section>\n\n\n<section id=\"\" class=\"three-columns-block theme-block alignfull\">\n\n  <div class=\"content-block\">\n    <div class=\"three-columns-block__row\">\n\n\n\n                \n        \n\n          \n                                                   \n                    <div class=\"three-columns-block__col shadow bullet\">\n                    <div class=\"three-columns-block__col-inner\">\n                      <h3>Crisis management<\/h3>\n<p>Whether the crisis is of an economic, environmental, technological or informational nature, or whether it occurs during a disaster or catastrophy, it can threaten the legitimacy of an organization.<\/p>\n \n \n                      \n                                                  \n\n                              \n                                                                                                            \n                                      <a href=\"https:\/\/prudent.ca\/en\/services-conseils\/gestion-de-la-resilience\/\" class=\"link-small\">Learn more<\/a>\n\n                                    \n\n                                    \n                                  \n                                                             \n                      <\/div><!-- END three-columns-block__col-inner -->\n                    <\/div><!-- END three-columns-block__col -->\n\n                    \n                                                   \n                    <div class=\"three-columns-block__col shadow bullet\">\n                    <div class=\"three-columns-block__col-inner\">\n                      <h3>Integrated risk management<\/h3>\n<p>Prudent Consulting Group considers that integrated risk management allows for a better prevention of risks present in an organizational environment and mitigates their negative effects when they do occur.<\/p>\n \n \n                      \n                                                  \n\n                              \n                                                                                                            \n                                      <a href=\"https:\/\/prudent.ca\/en\/services-conseils\/plan-durgence-environnementale\/\" class=\"link-small\">Learn more<\/a>\n\n                                    \n\n                                    \n                                  \n                                                             \n                      <\/div><!-- END three-columns-block__col-inner -->\n                    <\/div><!-- END three-columns-block__col -->\n\n                    \n                                                   \n                    <div class=\"three-columns-block__col shadow bullet\">\n                    <div class=\"three-columns-block__col-inner\">\n                      <h3>Safety and security<\/h3>\n<p>Prudent Consulting Group is licensed by the Office of Private Security (Bureau de la s\u00e9curit\u00e9 priv\u00e9e), which ensures its clients of the integrity and competence of its consulting services in matters of safety and security. The safety of people and property is an increasingly important concern within organizations.<\/p>\n \n \n                      \n                                                  \n\n                              \n                                                                                                            \n                                      <a href=\"https:\/\/prudent.ca\/en\/services-conseils\/plan-durgence-transport\/\" class=\"link-small\">Learn more<\/a>\n\n                                    \n\n                                    \n                                  \n                                                             \n                      <\/div><!-- END three-columns-block__col-inner -->\n                    <\/div><!-- END three-columns-block__col -->\n\n                    \n              \n            \n\n\n\n \n    <\/div><!-- END three-columns-block__row -->\n  <\/div><!-- END three-columns-block -->\n<\/section>\n\n\n<section id=\"\" class=\"three-columns-block theme-block alignfull\">\n\n  <div class=\"content-block\">\n    <div class=\"three-columns-block__row\">\n\n\n\n                \n        \n\n          \n                                                           \n                    <div class=\"three-columns-block__col\">\n                      <div class=\"three-columns-block__col-inner bg-three-columns\"  style=\"background-image: url(https:\/\/prudent.ca\/wp-content\/uploads\/2020\/11\/iStock-541113838.jpg)\">\n                      <\/div><!-- END three-columns-block__col-inner -->\n                    <\/div><!-- END three-columns-block__col -->\n\n                  \n                                                   \n                    <div class=\"three-columns-block__col shadow bullet\">\n                    <div class=\"three-columns-block__col-inner\">\n                      <h3>Fire Safety<\/h3>\n<p>Fire safety is governed by several standards, acts and regulations, all of which are designed to protect the public and building occupants.<\/p>\n<p>.<\/p>\n \n \n                      \n                                                  \n\n                              \n                                                                                                            \n                                      <a href=\"https:\/\/prudent.ca\/en\/services-conseils\/continuite-et-reprise-des-activites\/\" class=\"link-small\">Learn more<\/a>\n\n                                    \n\n                                    \n                                  \n                                                             \n                      <\/div><!-- END three-columns-block__col-inner -->\n                    <\/div><!-- END three-columns-block__col -->\n\n                    \n              \n            \n\n\n\n \n    <\/div><!-- END three-columns-block__row -->\n  <\/div><!-- END three-columns-block -->\n<\/section>\n","protected":false},"excerpt":{"rendered":"","protected":false},"author":1,"featured_media":0,"parent":0,"menu_order":0,"comment_status":"closed","ping_status":"closed","template":"","meta":{"_acf_changed":false,"_relevanssi_hide_post":"","_relevanssi_hide_content":"","_relevanssi_pin_for_all":"","_relevanssi_pin_keywords":"","_relevanssi_unpin_keywords":"","_relevanssi_related_keywords":"","_relevanssi_related_include_ids":"","_relevanssi_related_exclude_ids":"","_relevanssi_related_no_append":"","_relevanssi_related_not_related":"","_relevanssi_related_posts":"1","_relevanssi_noindex_reason":"","footnotes":""},"acf":[],"_links":{"self":[{"href":"https:\/\/prudent.ca\/en\/wp-json\/wp\/v2\/pages\/1727"}],"collection":[{"href":"https:\/\/prudent.ca\/en\/wp-json\/wp\/v2\/pages"}],"about":[{"href":"https:\/\/prudent.ca\/en\/wp-json\/wp\/v2\/types\/page"}],"author":[{"embeddable":true,"href":"https:\/\/prudent.ca\/en\/wp-json\/wp\/v2\/users\/1"}],"replies":[{"embeddable":true,"href":"https:\/\/prudent.ca\/en\/wp-json\/wp\/v2\/comments?post=1727"}],"version-history":[{"count":8,"href":"https:\/\/prudent.ca\/en\/wp-json\/wp\/v2\/pages\/1727\/revisions"}],"predecessor-version":[{"id":1975,"href":"https:\/\/prudent.ca\/en\/wp-json\/wp\/v2\/pages\/1727\/revisions\/1975"}],"wp:attachment":[{"href":"https:\/\/prudent.ca\/en\/wp-json\/wp\/v2\/media?parent=1727"}],"curies":[{"name":"wp","href":"https:\/\/api.w.org\/{rel}","templated":true}]}}